{"id":9,"date":"2018-12-15T13:35:25","date_gmt":"2018-12-15T15:35:25","guid":{"rendered":"https:\/\/artelie.com.br\/?page_id=9"},"modified":"2019-06-19T16:08:57","modified_gmt":"2019-06-19T19:08:57","slug":"sobre","status":"publish","type":"page","link":"https:\/\/artelie.com.br\/?page_id=9","title":{"rendered":"Quem somos"},"content":{"rendered":"\n<p>No mercado h\u00e1\u00a0mais de 20 anos, com parcerias de qualidade e\u00a0profissionais preparados para atender em cada segmento,  a <em>Arquiteta, Urbanista e Engenheira de Seguran\u00e7a do Trabalho<\/em>,\u00a0 <strong>ALESSANDRA\u00a0DE\u00a0AZEVEDO<\/strong>, juntamente com sua Equipe, atende nos diversos segmentos \u2013 COMERCIAL,RESIDENCIAL,EMPRESARIAL, seja para reformas, constru\u00e7\u00f5es, laudos t\u00e9cnicos, levantamentos em edifica\u00e7\u00f5es, paisagismo e decora\u00e7\u00e3o.<\/p>\n\n\n\n<p><\/p>\n","protected":false},"excerpt":{"rendered":"<p>No mercado h\u00e1\u00a0mais de 20 anos, com parcerias de qualidade e\u00a0profissionais preparados para atender em cada segmento, a Arquiteta, Urbanista e Engenheira de Seguran\u00e7a do Trabalho,\u00a0 ALESSANDRA\u00a0DE\u00a0AZEVEDO, juntamente com sua Equipe, atende nos diversos segmentos \u2013 COMERCIAL,RESIDENCIAL,EMPRESARIAL, seja para reformas, constru\u00e7\u00f5es, laudos t\u00e9cnicos, levantamentos em edifica\u00e7\u00f5es, paisagismo e decora\u00e7\u00e3o.<\/p>\n","protected":false},"author":1,"featured_media":46,"parent":0,"menu_order":0,"comment_status":"closed","ping_status":"closed","template":"","meta":[],"_links":{"self":[{"href":"https:\/\/artelie.com.br\/index.php?rest_route=\/wp\/v2\/pages\/9"}],"collection":[{"href":"https:\/\/artelie.com.br\/index.php?rest_route=\/wp\/v2\/pages"}],"about":[{"href":"https:\/\/artelie.com.br\/index.php?rest_route=\/wp\/v2\/types\/page"}],"author":[{"embeddable":true,"href":"https:\/\/artelie.com.br\/index.php?rest_route=\/wp\/v2\/users\/1"}],"replies":[{"embeddable":true,"href":"https:\/\/artelie.com.br\/index.php?rest_route=%2Fwp%2Fv2%2Fcomments&post=9"}],"version-history":[{"count":7,"href":"https:\/\/artelie.com.br\/index.php?rest_route=\/wp\/v2\/pages\/9\/revisions"}],"predecessor-version":[{"id":712,"href":"https:\/\/artelie.com.br\/index.php?rest_route=\/wp\/v2\/pages\/9\/revisions\/712"}],"wp:featuredmedia":[{"embeddable":true,"href":"https:\/\/artelie.com.br\/index.php?rest_route=\/wp\/v2\/media\/46"}],"wp:attachment":[{"href":"https:\/\/artelie.com.br\/index.php?rest_route=%2Fwp%2Fv2%2Fmedia&parent=9"}],"curies":[{"name":"wp","href":"https:\/\/api.w.org\/{rel}","templated":true}]}}