{"id":8,"date":"2018-12-15T13:35:25","date_gmt":"2018-12-15T15:35:25","guid":{"rendered":"https:\/\/artelie.com.br\/?page_id=8"},"modified":"2019-06-22T19:27:43","modified_gmt":"2019-06-22T22:27:43","slug":"pagina-inicial","status":"publish","type":"page","link":"https:\/\/artelie.com.br\/","title":{"rendered":"P\u00e1gina inicial"},"content":{"rendered":"\n<p style=\"text-align:center\"><em>Cada detalhe e cada esfor\u00e7o se transformaram em alegria e satisfa\u00e7\u00e3o para todos que sonharam e confiaram em nosso trabalho! Sempre nos preocupando com o Bin\u00f4mio CUSTO x BENEF\u00cdCIO e dentro do melhor PRAZO e da melhor QUALIDADE, acompanhamos todas as etapas e detalhes.  Conte com nossa Equipe!!<\/em><\/p>\n\n\n\n<p style=\"text-align:center\"><strong><em> <\/em><\/strong>Tamb\u00e9m atendemos no<strong> INTERIOR <\/strong>e<strong> OUTROS ESTADOS<\/strong> <\/p>\n\n\n\n<p style=\"text-align:center\"><strong>PROJETOS  CONSTRU\u00c7\u00d5ES  REFORMAS  LAUDOS  DECORA\u00c7\u00d5ES<\/strong> <br><strong>COMERCIAL  RESIDENCIAL  EMPRESARIAL  SA\u00daDE<\/strong> <\/p>\n","protected":false},"excerpt":{"rendered":"<p>Cada detalhe e cada esfor\u00e7o se transformaram em alegria e satisfa\u00e7\u00e3o para todos que sonharam e confiaram em nosso trabalho! Sempre nos preocupando com o Bin\u00f4mio CUSTO x BENEF\u00cdCIO e dentro do melhor PRAZO e da melhor QUALIDADE, acompanhamos todas as etapas e detalhes. Conte com nossa Equipe!! Tamb\u00e9m atendemos no INTERIOR e OUTROS ESTADOS &hellip; <\/p>\n<p class=\"link-more\"><a href=\"https:\/\/artelie.com.br\/\" class=\"more-link\">Continue lendo<span class=\"screen-reader-text\"> &#8220;P\u00e1gina inicial&#8221;<\/span><\/a><\/p>\n","protected":false},"author":1,"featured_media":40,"parent":0,"menu_order":0,"comment_status":"closed","ping_status":"closed","template":"","meta":[],"_links":{"self":[{"href":"https:\/\/artelie.com.br\/index.php?rest_route=\/wp\/v2\/pages\/8"}],"collection":[{"href":"https:\/\/artelie.com.br\/index.php?rest_route=\/wp\/v2\/pages"}],"about":[{"href":"https:\/\/artelie.com.br\/index.php?rest_route=\/wp\/v2\/types\/page"}],"author":[{"embeddable":true,"href":"https:\/\/artelie.com.br\/index.php?rest_route=\/wp\/v2\/users\/1"}],"replies":[{"embeddable":true,"href":"https:\/\/artelie.com.br\/index.php?rest_route=%2Fwp%2Fv2%2Fcomments&post=8"}],"version-history":[{"count":18,"href":"https:\/\/artelie.com.br\/index.php?rest_route=\/wp\/v2\/pages\/8\/revisions"}],"predecessor-version":[{"id":702,"href":"https:\/\/artelie.com.br\/index.php?rest_route=\/wp\/v2\/pages\/8\/revisions\/702"}],"wp:featuredmedia":[{"embeddable":true,"href":"https:\/\/artelie.com.br\/index.php?rest_route=\/wp\/v2\/media\/40"}],"wp:attachment":[{"href":"https:\/\/artelie.com.br\/index.php?rest_route=%2Fwp%2Fv2%2Fmedia&parent=8"}],"curies":[{"name":"wp","href":"https:\/\/api.w.org\/{rel}","templated":true}]}}