{"id":642,"date":"2019-03-06T09:27:35","date_gmt":"2019-03-06T12:27:35","guid":{"rendered":"http:\/\/alessandradeazevedo.com.br\/?page_id=642"},"modified":"2019-03-06T09:27:35","modified_gmt":"2019-03-06T12:27:35","slug":"paisagismo-2","status":"publish","type":"page","link":"https:\/\/artelie.com.br\/?page_id=642","title":{"rendered":"Paisagismo"},"content":{"rendered":"\n<p>Realizamos Acompanhamento t\u00e9cnico para a execu\u00e7\u00e3o de projeto\npaisag\u00edstico, atendendo e organizando fornecedores, or\u00e7amentos, prestadores de\nservi\u00e7os.<\/p>\n","protected":false},"excerpt":{"rendered":"<p>Realizamos Acompanhamento t\u00e9cnico para a execu\u00e7\u00e3o de projeto paisag\u00edstico, atendendo e organizando fornecedores, or\u00e7amentos, prestadores de servi\u00e7os.<\/p>\n","protected":false},"author":1,"featured_media":0,"parent":0,"menu_order":0,"comment_status":"closed","ping_status":"closed","template":"","meta":[],"_links":{"self":[{"href":"https:\/\/artelie.com.br\/index.php?rest_route=\/wp\/v2\/pages\/642"}],"collection":[{"href":"https:\/\/artelie.com.br\/index.php?rest_route=\/wp\/v2\/pages"}],"about":[{"href":"https:\/\/artelie.com.br\/index.php?rest_route=\/wp\/v2\/types\/page"}],"author":[{"embeddable":true,"href":"https:\/\/artelie.com.br\/index.php?rest_route=\/wp\/v2\/users\/1"}],"replies":[{"embeddable":true,"href":"https:\/\/artelie.com.br\/index.php?rest_route=%2Fwp%2Fv2%2Fcomments&post=642"}],"version-history":[{"count":1,"href":"https:\/\/artelie.com.br\/index.php?rest_route=\/wp\/v2\/pages\/642\/revisions"}],"predecessor-version":[{"id":643,"href":"https:\/\/artelie.com.br\/index.php?rest_route=\/wp\/v2\/pages\/642\/revisions\/643"}],"wp:attachment":[{"href":"https:\/\/artelie.com.br\/index.php?rest_route=%2Fwp%2Fv2%2Fmedia&parent=642"}],"curies":[{"name":"wp","href":"https:\/\/api.w.org\/{rel}","templated":true}]}}