{"id":518,"date":"2019-01-05T15:34:48","date_gmt":"2019-01-05T17:34:48","guid":{"rendered":"http:\/\/alessandradeazevedo.com.br\/?page_id=518"},"modified":"2019-06-19T16:10:10","modified_gmt":"2019-06-19T19:10:10","slug":"projeto-residencial","status":"publish","type":"page","link":"https:\/\/artelie.com.br\/?page_id=518","title":{"rendered":"Projeto Residencial"},"content":{"rendered":"\n<p>O espa\u00e7o onde vivemos e onde renovamos nossas energias, tamb\u00e9m \u00e9 o espa\u00e7o para acolher, para dar e receber amor! O espa\u00e7o deve ser ideal dentro do nosso sonho e dentro da nossa realidade, de forma organizada, pratica, oxigenada e duradoura.<\/p>\n","protected":false},"excerpt":{"rendered":"<p>O espa\u00e7o onde vivemos e onde renovamos nossas energias, tamb\u00e9m \u00e9 o espa\u00e7o para acolher, para dar e receber amor! O espa\u00e7o deve ser ideal dentro do nosso sonho e dentro da nossa realidade, de forma organizada, pratica, oxigenada e duradoura.<\/p>\n","protected":false},"author":1,"featured_media":359,"parent":0,"menu_order":0,"comment_status":"closed","ping_status":"closed","template":"","meta":[],"_links":{"self":[{"href":"https:\/\/artelie.com.br\/index.php?rest_route=\/wp\/v2\/pages\/518"}],"collection":[{"href":"https:\/\/artelie.com.br\/index.php?rest_route=\/wp\/v2\/pages"}],"about":[{"href":"https:\/\/artelie.com.br\/index.php?rest_route=\/wp\/v2\/types\/page"}],"author":[{"embeddable":true,"href":"https:\/\/artelie.com.br\/index.php?rest_route=\/wp\/v2\/users\/1"}],"replies":[{"embeddable":true,"href":"https:\/\/artelie.com.br\/index.php?rest_route=%2Fwp%2Fv2%2Fcomments&post=518"}],"version-history":[{"count":4,"href":"https:\/\/artelie.com.br\/index.php?rest_route=\/wp\/v2\/pages\/518\/revisions"}],"predecessor-version":[{"id":675,"href":"https:\/\/artelie.com.br\/index.php?rest_route=\/wp\/v2\/pages\/518\/revisions\/675"}],"wp:featuredmedia":[{"embeddable":true,"href":"https:\/\/artelie.com.br\/index.php?rest_route=\/wp\/v2\/media\/359"}],"wp:attachment":[{"href":"https:\/\/artelie.com.br\/index.php?rest_route=%2Fwp%2Fv2%2Fmedia&parent=518"}],"curies":[{"name":"wp","href":"https:\/\/api.w.org\/{rel}","templated":true}]}}