{"id":514,"date":"2019-01-05T15:28:33","date_gmt":"2019-01-05T17:28:33","guid":{"rendered":"http:\/\/alessandradeazevedo.com.br\/?page_id=514"},"modified":"2019-11-15T22:53:45","modified_gmt":"2019-11-16T01:53:45","slug":"administracao-de-obra","status":"publish","type":"page","link":"https:\/\/artelie.com.br\/?page_id=514","title":{"rendered":"Administra\u00e7\u00e3o de Obra"},"content":{"rendered":"\n<p style=\"text-align:center\">Planejamento e Administra\u00e7\u00e3o para execu\u00e7\u00e3o de obras e reformas com rigoroso cumprimento de prazos e pre\u00e7os competitivos.<\/p>\n","protected":false},"excerpt":{"rendered":"<p>Planejamento e Administra\u00e7\u00e3o para execu\u00e7\u00e3o de obras e reformas com rigoroso cumprimento de prazos e pre\u00e7os competitivos.<\/p>\n","protected":false},"author":1,"featured_media":0,"parent":0,"menu_order":0,"comment_status":"closed","ping_status":"closed","template":"","meta":[],"_links":{"self":[{"href":"https:\/\/artelie.com.br\/index.php?rest_route=\/wp\/v2\/pages\/514"}],"collection":[{"href":"https:\/\/artelie.com.br\/index.php?rest_route=\/wp\/v2\/pages"}],"about":[{"href":"https:\/\/artelie.com.br\/index.php?rest_route=\/wp\/v2\/types\/page"}],"author":[{"embeddable":true,"href":"https:\/\/artelie.com.br\/index.php?rest_route=\/wp\/v2\/users\/1"}],"replies":[{"embeddable":true,"href":"https:\/\/artelie.com.br\/index.php?rest_route=%2Fwp%2Fv2%2Fcomments&post=514"}],"version-history":[{"count":3,"href":"https:\/\/artelie.com.br\/index.php?rest_route=\/wp\/v2\/pages\/514\/revisions"}],"predecessor-version":[{"id":720,"href":"https:\/\/artelie.com.br\/index.php?rest_route=\/wp\/v2\/pages\/514\/revisions\/720"}],"wp:attachment":[{"href":"https:\/\/artelie.com.br\/index.php?rest_route=%2Fwp%2Fv2%2Fmedia&parent=514"}],"curies":[{"name":"wp","href":"https:\/\/api.w.org\/{rel}","templated":true}]}}