{"id":512,"date":"2019-01-05T15:27:42","date_gmt":"2019-01-05T17:27:42","guid":{"rendered":"http:\/\/alessandradeazevedo.com.br\/?page_id=512"},"modified":"2019-11-15T23:00:02","modified_gmt":"2019-11-16T02:00:02","slug":"construcao-e-reforma","status":"publish","type":"page","link":"https:\/\/artelie.com.br\/?page_id=512","title":{"rendered":"Constru\u00e7\u00e3o e Reforma"},"content":{"rendered":"\n<p style=\"text-align:center\">Contamos com equipes  que nos acompanham h\u00e1 mais de VINTE anos nos diversos segmentos das atividades de constru\u00e7\u00f5es, reformas e manuten\u00e7\u00f5es. Realizamos o Acompanhamento T\u00e9cnico e\/ou Planejamento e Administra\u00e7\u00e3o na Execu\u00e7\u00e3o das Obras, Reformas e Servi\u00e7os de Manuten\u00e7\u00e3o, otimizando seu tempo e concretizando seus sonhos e necessidades. <\/p>\n","protected":false},"excerpt":{"rendered":"<p>Contamos com equipes que nos acompanham h\u00e1 mais de VINTE anos nos diversos segmentos das atividades de constru\u00e7\u00f5es, reformas e manuten\u00e7\u00f5es. Realizamos o Acompanhamento T\u00e9cnico e\/ou Planejamento e Administra\u00e7\u00e3o na Execu\u00e7\u00e3o das Obras, Reformas e Servi\u00e7os de Manuten\u00e7\u00e3o, otimizando seu tempo e concretizando seus sonhos e necessidades.<\/p>\n","protected":false},"author":1,"featured_media":0,"parent":0,"menu_order":0,"comment_status":"closed","ping_status":"closed","template":"","meta":[],"_links":{"self":[{"href":"https:\/\/artelie.com.br\/index.php?rest_route=\/wp\/v2\/pages\/512"}],"collection":[{"href":"https:\/\/artelie.com.br\/index.php?rest_route=\/wp\/v2\/pages"}],"about":[{"href":"https:\/\/artelie.com.br\/index.php?rest_route=\/wp\/v2\/types\/page"}],"author":[{"embeddable":true,"href":"https:\/\/artelie.com.br\/index.php?rest_route=\/wp\/v2\/users\/1"}],"replies":[{"embeddable":true,"href":"https:\/\/artelie.com.br\/index.php?rest_route=%2Fwp%2Fv2%2Fcomments&post=512"}],"version-history":[{"count":5,"href":"https:\/\/artelie.com.br\/index.php?rest_route=\/wp\/v2\/pages\/512\/revisions"}],"predecessor-version":[{"id":723,"href":"https:\/\/artelie.com.br\/index.php?rest_route=\/wp\/v2\/pages\/512\/revisions\/723"}],"wp:attachment":[{"href":"https:\/\/artelie.com.br\/index.php?rest_route=%2Fwp%2Fv2%2Fmedia&parent=512"}],"curies":[{"name":"wp","href":"https:\/\/api.w.org\/{rel}","templated":true}]}}