{"id":498,"date":"2019-01-05T15:24:10","date_gmt":"2019-01-05T17:24:10","guid":{"rendered":"http:\/\/alessandradeazevedo.com.br\/?page_id=498"},"modified":"2019-11-15T23:05:50","modified_gmt":"2019-11-16T02:05:50","slug":"outros","status":"publish","type":"page","link":"https:\/\/artelie.com.br\/?page_id=498","title":{"rendered":"Outros"},"content":{"rendered":"\n<p style=\"text-align:center\">Levantamento e manuten\u00e7\u00e3o preventiva e corretiva.<\/p>\n\n\n\n<p style=\"text-align:center\">Servi\u00e7os de engenharia de Seguran\u00e7a do Trabalho<\/p>\n\n\n\n<p style=\"text-align:center\">Laudos ergon\u00f4micos<\/p>\n\n\n\n<p style=\"text-align:center\">Planos de Preven\u00e7\u00e3o Contra Inc\u00eandio\/PPCI<\/p>\n\n\n\n<p style=\"text-align:center\">Consultoria e Assessoramento<\/p>\n\n\n\n<p><\/p>\n\n\n\n<p><\/p>\n","protected":false},"excerpt":{"rendered":"<p>Levantamento e manuten\u00e7\u00e3o preventiva e corretiva. Servi\u00e7os de engenharia de Seguran\u00e7a do Trabalho Laudos ergon\u00f4micos Planos de Preven\u00e7\u00e3o Contra Inc\u00eandio\/PPCI Consultoria e Assessoramento<\/p>\n","protected":false},"author":1,"featured_media":0,"parent":0,"menu_order":0,"comment_status":"closed","ping_status":"closed","template":"","meta":[],"_links":{"self":[{"href":"https:\/\/artelie.com.br\/index.php?rest_route=\/wp\/v2\/pages\/498"}],"collection":[{"href":"https:\/\/artelie.com.br\/index.php?rest_route=\/wp\/v2\/pages"}],"about":[{"href":"https:\/\/artelie.com.br\/index.php?rest_route=\/wp\/v2\/types\/page"}],"author":[{"embeddable":true,"href":"https:\/\/artelie.com.br\/index.php?rest_route=\/wp\/v2\/users\/1"}],"replies":[{"embeddable":true,"href":"https:\/\/artelie.com.br\/index.php?rest_route=%2Fwp%2Fv2%2Fcomments&post=498"}],"version-history":[{"count":3,"href":"https:\/\/artelie.com.br\/index.php?rest_route=\/wp\/v2\/pages\/498\/revisions"}],"predecessor-version":[{"id":729,"href":"https:\/\/artelie.com.br\/index.php?rest_route=\/wp\/v2\/pages\/498\/revisions\/729"}],"wp:attachment":[{"href":"https:\/\/artelie.com.br\/index.php?rest_route=%2Fwp%2Fv2%2Fmedia&parent=498"}],"curies":[{"name":"wp","href":"https:\/\/api.w.org\/{rel}","templated":true}]}}