{"id":10,"date":"2018-12-15T13:35:25","date_gmt":"2018-12-15T15:35:25","guid":{"rendered":"https:\/\/artelie.com.br\/?page_id=10"},"modified":"2019-06-22T20:31:56","modified_gmt":"2019-06-22T23:31:56","slug":"contato","status":"publish","type":"page","link":"https:\/\/artelie.com.br\/?page_id=10","title":{"rendered":"Contato"},"content":{"rendered":"\r\n<div class=\"wp-block-image\"><figure class=\"aligncenter\"><img loading=\"lazy\" width=\"400\" height=\"265\" src=\"https:\/\/artelie.com.br\/wp-content\/uploads\/2019\/06\/predio.jpg\" alt=\"\" class=\"wp-image-689\" srcset=\"https:\/\/artelie.com.br\/wp-content\/uploads\/2019\/06\/predio.jpg 400w, https:\/\/artelie.com.br\/wp-content\/uploads\/2019\/06\/predio-300x199.jpg 300w\" sizes=\"(max-width: 400px) 100vw, 400px\" \/><\/figure><\/div>\r\n\r\n\r\n\r\n<div class=\"wp-block-image\"><figure class=\"alignleft is-resized\"><img loading=\"lazy\" src=\"https:\/\/artelie.com.br\/wp-content\/uploads\/2018\/12\/fotoalessandra.png\" alt=\"\" class=\"wp-image-99\" width=\"183\" height=\"253\"\/><\/figure><\/div>\r\n\r\n\r\n\r\n<p style=\"text-align:center\"><strong>Obrigada por visitar nosso Site!<\/strong><\/p>\r\n\r\n\r\n\r\n<p style=\"text-align:right\"><strong>H\u00e1 mais de 20 anos participando de diversos eventos nas \u00e1reas da Arquitetura e Engenharia de Seguran\u00e7a e tamb\u00e9m acompanhando as diversas mudan\u00e7as em nosso segmento para poder oferecer o melhor!<\/strong><\/p>\r\n\r\n\r\n\r\n<p style=\"text-align:right\"><strong>Atendendo na Capital e Outros Estados nas \u00e1reas residencial, comercial,\u00a0 empresarial e da sa\u00fade, focamos no melhor custo x beneficio x prazo para proporcionar uma experi\u00eancia positiva para nossos clientes.<\/strong><\/p>\r\n\r\n\r\n\r\n<p style=\"text-align:right\"><strong>At\u00e9 breve!<\/strong><\/p>\r\n\r\n\r\n\r\n<p style=\"text-align:right\"><strong>Alessandra de Azevedo&nbsp;<\/strong><\/p>\r\n\r\n\r\n<div role=\"form\" class=\"wpcf7\" id=\"wpcf7-f95-o1\" lang=\"pt-BR\" dir=\"ltr\">\n<div class=\"screen-reader-response\"><\/div>\n<form action=\"\/index.php?rest_route=%2Fwp%2Fv2%2Fpages%2F10#wpcf7-f95-o1\" method=\"post\" class=\"wpcf7-form\" novalidate=\"novalidate\">\n<div style=\"display: none;\">\n<input type=\"hidden\" name=\"_wpcf7\" value=\"95\" \/>\n<input type=\"hidden\" name=\"_wpcf7_version\" value=\"5.1.1\" \/>\n<input type=\"hidden\" name=\"_wpcf7_locale\" value=\"pt_BR\" \/>\n<input type=\"hidden\" name=\"_wpcf7_unit_tag\" value=\"wpcf7-f95-o1\" \/>\n<input type=\"hidden\" name=\"_wpcf7_container_post\" value=\"0\" \/>\n<input type=\"hidden\" name=\"g-recaptcha-response\" value=\"\" \/>\n<\/div>\n<p><label> Seu nome (obrigat\u00f3rio)<br \/>\n    <span class=\"wpcf7-form-control-wrap your-name\"><input type=\"text\" name=\"your-name\" value=\"\" size=\"40\" class=\"wpcf7-form-control wpcf7-text wpcf7-validates-as-required\" aria-required=\"true\" aria-invalid=\"false\" \/><\/span> <\/label><\/p>\n<p><label> Seu e-mail (obrigat\u00f3rio)<br \/>\n    <span class=\"wpcf7-form-control-wrap your-email\"><input type=\"email\" name=\"your-email\" value=\"\" size=\"40\" class=\"wpcf7-form-control wpcf7-text wpcf7-email wpcf7-validates-as-required wpcf7-validates-as-email\" aria-required=\"true\" aria-invalid=\"false\" \/><\/span> <\/label><\/p>\n<p><label> Assunto<br \/>\n    <span class=\"wpcf7-form-control-wrap your-subject\"><input type=\"text\" name=\"your-subject\" value=\"\" size=\"40\" class=\"wpcf7-form-control wpcf7-text\" aria-invalid=\"false\" \/><\/span> <\/label><\/p>\n<p><label> Sua mensagem<br \/>\n    <span class=\"wpcf7-form-control-wrap your-message\"><textarea name=\"your-message\" cols=\"40\" rows=\"10\" class=\"wpcf7-form-control wpcf7-textarea\" aria-invalid=\"false\"><\/textarea><\/span> <\/label><\/p>\n<p><input type=\"submit\" value=\"Enviar\" class=\"wpcf7-form-control wpcf7-submit\" \/><\/p>\n<div class=\"wpcf7-response-output wpcf7-display-none\"><\/div><\/form><\/div>\n","protected":false},"excerpt":{"rendered":"<p>Obrigada por visitar nosso Site! H\u00e1 mais de 20 anos participando de diversos eventos nas \u00e1reas da Arquitetura e Engenharia de Seguran\u00e7a e tamb\u00e9m acompanhando as diversas mudan\u00e7as em nosso segmento para poder oferecer o melhor! Atendendo na Capital e Outros Estados nas \u00e1reas residencial, comercial,\u00a0 empresarial e da sa\u00fade, focamos no melhor custo x &hellip; <\/p>\n<p class=\"link-more\"><a href=\"https:\/\/artelie.com.br\/?page_id=10\" class=\"more-link\">Continue lendo<span class=\"screen-reader-text\"> &#8220;Contato&#8221;<\/span><\/a><\/p>\n","protected":false},"author":1,"featured_media":0,"parent":0,"menu_order":0,"comment_status":"closed","ping_status":"closed","template":"","meta":[],"_links":{"self":[{"href":"https:\/\/artelie.com.br\/index.php?rest_route=\/wp\/v2\/pages\/10"}],"collection":[{"href":"https:\/\/artelie.com.br\/index.php?rest_route=\/wp\/v2\/pages"}],"about":[{"href":"https:\/\/artelie.com.br\/index.php?rest_route=\/wp\/v2\/types\/page"}],"author":[{"embeddable":true,"href":"https:\/\/artelie.com.br\/index.php?rest_route=\/wp\/v2\/users\/1"}],"replies":[{"embeddable":true,"href":"https:\/\/artelie.com.br\/index.php?rest_route=%2Fwp%2Fv2%2Fcomments&post=10"}],"version-history":[{"count":7,"href":"https:\/\/artelie.com.br\/index.php?rest_route=\/wp\/v2\/pages\/10\/revisions"}],"predecessor-version":[{"id":711,"href":"https:\/\/artelie.com.br\/index.php?rest_route=\/wp\/v2\/pages\/10\/revisions\/711"}],"wp:attachment":[{"href":"https:\/\/artelie.com.br\/index.php?rest_route=%2Fwp%2Fv2%2Fmedia&parent=10"}],"curies":[{"name":"wp","href":"https:\/\/api.w.org\/{rel}","templated":true}]}}